{"id":1010,"date":"2010-06-11T17:18:05","date_gmt":"2010-06-11T17:18:05","guid":{"rendered":"https:\/\/sascha-urban.de\/?page_id=1010"},"modified":"2020-06-11T17:31:37","modified_gmt":"2020-06-11T17:31:37","slug":"lernen","status":"publish","type":"page","link":"https:\/\/sascha-urban.de\/?page_id=1010","title":{"rendered":"Lernen"},"content":{"rendered":"<p>An der Hochschule Mainz lehre ich Studenten des 1ten und 2ten Semesters Computerunterst\u00fctztes Zeichnen &#8211; CAD. Seit ungef\u00e4hr zwei Jahren benutzen die Studenten daf\u00fcr Rhino. Das Programm ist sehr vielf\u00e4ltig und bietet einige M\u00f6glichkeiten. Dennoch hat es Grenzen und man sieht das Rhino zwar ein Allesk\u00f6nner, aber nicht perfekt ist.<br \/>\nWenn man sich daf\u00fcr interessiert k\u00f6nnen einem diese Videos weiterhelfen.<\/p>\n<p><!--more--><\/p>\n<h3>Rhino CAD\u00a0 Tutorials<\/h3>\n<p><!--more--><\/p>\n<p>&nbsp;<\/p>\n<p>&nbsp;<\/p>\n<p><a href=\"https:\/\/www.youtube.com\/channel\/UCr5k5WYQh3toqfD0b691xtg\/videos\">Hier geht es zum YouTube Channel!<\/a><\/p>\n","protected":false},"excerpt":{"rendered":"<p>An der Hochschule Mainz lehre ich Studenten des 1ten und 2ten Semesters Computerunterst\u00fctztes Zeichnen &#8211; CAD. Seit ungef\u00e4hr zwei Jahren benutzen die Studenten daf\u00fcr Rhino. Das Programm ist&#8230;<\/p>\n","protected":false},"author":1,"featured_media":0,"parent":0,"menu_order":5,"comment_status":"closed","ping_status":"closed","template":"","meta":{"spay_email":"","footnotes":""},"jetpack_sharing_enabled":true,"jetpack_shortlink":"https:\/\/wp.me\/P7xkRg-gi","jetpack-related-posts":[{"id":76,"url":"https:\/\/sascha-urban.de\/?page_id=76","url_meta":{"origin":1010,"position":0},"title":"CV","date":"Juli 13, 2016","format":false,"excerpt":"\/\/\/ Sascha Urban Lebenslauf \/\/\/ geboren am 19.11.1984 in Offenburg \/\/\/ nach Abschluss der Realschule (2002) Ausbildung zum Schreiner + 3 Gesellenjahre bis 2008 (Firma Josef R\u00e4pple in Gengenbach) \/\/\/ 2009 Abschluss Fachhochschulreife (TG-Offenburg) \/\/\/ 2010 Beginn des Innenarchitekturstudium in Mainz 2016 Abschluss an der Hochschule Mainz (BA\/MA) \/\/\/ von\u2026","rel":"","context":"\u00c4hnlicher Beitrag","img":{"alt_text":"","src":"https:\/\/i0.wp.com\/sascha-urban.de\/wp-content\/uploads\/2017\/07\/MG_1756.jpg?resize=350%2C200&ssl=1","width":350,"height":200},"classes":[]},{"id":459,"url":"https:\/\/sascha-urban.de\/?page_id=459","url_meta":{"origin":1010,"position":1},"title":"SpanwerkSpanwerk","date":"August 5, 2016","format":false,"excerpt":"\u00a0 \u00a0 \u00a0 Spatialdesign, Upcycling, Holzhandwerk, CNC, Parametric,... Spanwerk ist eine Plattform bei der das erlernte Schreinerhandwerk mit der Innovation aus Design zusammentrifft. Hier sollen alte Handwerks- und Verbindungsechniken, welche im Laufe der Zeit aus Kostengr\u00fcnden wegfielen, wieder neu belebt werden. Neue Verfahrenstechniken wie CNC oder 3D-Druck bilden einen wesentlichen\u2026","rel":"","context":"\u00c4hnlicher Beitrag","img":{"alt_text":"","src":"https:\/\/i0.wp.com\/sascha-urban.de\/wp-content\/uploads\/2020\/01\/spanwerk@2x.png?resize=350%2C200&ssl=1","width":350,"height":200},"classes":[]}],"_links":{"self":[{"href":"https:\/\/sascha-urban.de\/index.php?rest_route=\/wp\/v2\/pages\/1010"}],"collection":[{"href":"https:\/\/sascha-urban.de\/index.php?rest_route=\/wp\/v2\/pages"}],"about":[{"href":"https:\/\/sascha-urban.de\/index.php?rest_route=\/wp\/v2\/types\/page"}],"author":[{"embeddable":true,"href":"https:\/\/sascha-urban.de\/index.php?rest_route=\/wp\/v2\/users\/1"}],"replies":[{"embeddable":true,"href":"https:\/\/sascha-urban.de\/index.php?rest_route=%2Fwp%2Fv2%2Fcomments&post=1010"}],"version-history":[{"count":4,"href":"https:\/\/sascha-urban.de\/index.php?rest_route=\/wp\/v2\/pages\/1010\/revisions"}],"predecessor-version":[{"id":1014,"href":"https:\/\/sascha-urban.de\/index.php?rest_route=\/wp\/v2\/pages\/1010\/revisions\/1014"}],"wp:attachment":[{"href":"https:\/\/sascha-urban.de\/index.php?rest_route=%2Fwp%2Fv2%2Fmedia&parent=1010"}],"curies":[{"name":"wp","href":"https:\/\/api.w.org\/{rel}","templated":true}]}}