{"id":806,"date":"2017-04-25T20:28:38","date_gmt":"2017-04-25T20:28:38","guid":{"rendered":"http:\/\/sascha-urban.de\/?page_id=806"},"modified":"2017-04-25T20:28:38","modified_gmt":"2017-04-25T20:28:38","slug":"imprint","status":"publish","type":"page","link":"https:\/\/sascha-urban.de\/?page_id=806","title":{"rendered":"Imprint"},"content":{"rendered":"<section id=\"content\">\n<section id=\"content_left\">\n<article>\n<h3 class=\"single_title\">Impressum<\/h3>\n<div class=\"single_inside_content\">\n<p><span style=\"font-family: courier new,courier,monospace;\">This Website is the Portfolio-Page of Sascha Urban.<\/span><\/p>\n<p><span style=\"font-family: courier new,courier,monospace;\"><strong>Concept of this website<br \/>\n<\/strong><a href=\"http:\/\/www.designstrategies.org\/\" target=\"_blank\">Sascha Urban<\/a><\/span><\/p>\n<p><span style=\"font-family: courier new,courier,monospace;\"><strong>Editing of this website<\/strong><\/span><br \/>\n<span style=\"font-family: courier new,courier,monospace;\"> <a href=\"http:\/\/www.designstrategies.org\/\" target=\"_blank\">Sascha Urban<\/a><\/span><\/p>\n<p><span style=\"font-family: courier new,courier,monospace;\"><strong>Programming of this website<\/strong><\/span><br \/>\n<span style=\"font-family: courier new,courier,monospace;\"> <a href=\"mailto:contact@axelbecker.fr\">Sascha Urban<\/a> based on wordpress<\/span><br \/>\n<span style=\"font-family: courier new,courier,monospace;\"> Theme of <a href=\"http:\/\/www.andersnoren.se\">Anders Nor\u00e9n<\/a><\/span><\/p>\n<p><span style=\"font-family: courier new,courier,monospace;\">Sascha Urban<\/span><br \/>\n<span style=\"font-family: courier new,courier,monospace;\"> Moselstr. 13 | 55118 Mainz | Germany | Tel. +49(0)176 204 516 11<\/span><\/p>\n<\/div>\n<\/article>\n<\/section>\n<\/section>\n","protected":false},"excerpt":{"rendered":"<p>Impressum This Website is the Portfolio-Page of Sascha Urban. Concept of this website Sascha Urban Editing of this website Sascha Urban Programming of this website Sascha Urban based&#8230;<\/p>\n","protected":false},"author":1,"featured_media":0,"parent":0,"menu_order":8,"comment_status":"closed","ping_status":"closed","template":"","meta":{"spay_email":"","footnotes":""},"jetpack_sharing_enabled":true,"jetpack_shortlink":"https:\/\/wp.me\/P7xkRg-d0","jetpack-related-posts":[{"id":768,"url":"https:\/\/sascha-urban.de\/?page_id=768","url_meta":{"origin":806,"position":0},"title":"Kontakt","date":"April 23, 2017","format":false,"excerpt":"Sascha Urban Mail: spanwerk@sascha-urban.de Mobil: 0176 204 516 11 \u00a0 Moselstr. 13 55118 Mainz","rel":"","context":"\u00c4hnlicher Beitrag","img":{"alt_text":"","src":"","width":0,"height":0},"classes":[]},{"id":82,"url":"https:\/\/sascha-urban.de\/?page_id=82","url_meta":{"origin":806,"position":1},"title":"Portfolio","date":"Mai 13, 2016","format":false,"excerpt":"","rel":"","context":"\u00c4hnlicher Beitrag","img":{"alt_text":"","src":"","width":0,"height":0},"classes":[]},{"id":772,"url":"https:\/\/sascha-urban.de\/","url_meta":{"origin":806,"position":2},"title":"Now!","date":"April 23, 2016","format":false,"excerpt":"Endoframe (Push the Picture)","rel":"","context":"\u00c4hnlicher Beitrag","img":{"alt_text":"","src":"https:\/\/i0.wp.com\/sascha-urban.de\/wp-content\/uploads\/2021\/02\/endoframe-artikelbild.jpg?resize=350%2C200&ssl=1","width":350,"height":200},"classes":[]},{"id":76,"url":"https:\/\/sascha-urban.de\/?page_id=76","url_meta":{"origin":806,"position":3},"title":"CV","date":"Juli 13, 2016","format":false,"excerpt":"\/\/\/ Sascha Urban Lebenslauf \/\/\/ geboren am 19.11.1984 in Offenburg \/\/\/ nach Abschluss der Realschule (2002) Ausbildung zum Schreiner + 3 Gesellenjahre bis 2008 (Firma Josef R\u00e4pple in Gengenbach) \/\/\/ 2009 Abschluss Fachhochschulreife (TG-Offenburg) \/\/\/ 2010 Beginn des Innenarchitekturstudium in Mainz 2016 Abschluss an der Hochschule Mainz (BA\/MA) \/\/\/ von\u2026","rel":"","context":"\u00c4hnlicher Beitrag","img":{"alt_text":"","src":"https:\/\/i0.wp.com\/sascha-urban.de\/wp-content\/uploads\/2017\/07\/MG_1756.jpg?resize=350%2C200&ssl=1","width":350,"height":200},"classes":[]},{"id":459,"url":"https:\/\/sascha-urban.de\/?page_id=459","url_meta":{"origin":806,"position":4},"title":"SpanwerkSpanwerk","date":"August 5, 2016","format":false,"excerpt":"\u00a0 \u00a0 \u00a0 Spatialdesign, Upcycling, Holzhandwerk, CNC, Parametric,... Spanwerk ist eine Plattform bei der das erlernte Schreinerhandwerk mit der Innovation aus Design zusammentrifft. Hier sollen alte Handwerks- und Verbindungsechniken, welche im Laufe der Zeit aus Kostengr\u00fcnden wegfielen, wieder neu belebt werden. Neue Verfahrenstechniken wie CNC oder 3D-Druck bilden einen wesentlichen\u2026","rel":"","context":"\u00c4hnlicher Beitrag","img":{"alt_text":"","src":"https:\/\/i0.wp.com\/sascha-urban.de\/wp-content\/uploads\/2020\/01\/spanwerk@2x.png?resize=350%2C200&ssl=1","width":350,"height":200},"classes":[]},{"id":1010,"url":"https:\/\/sascha-urban.de\/?page_id=1010","url_meta":{"origin":806,"position":5},"title":"Lernen","date":"Juni 11, 2010","format":false,"excerpt":"An der Hochschule Mainz lehre ich Studenten des 1ten und 2ten Semesters Computerunterst\u00fctztes Zeichnen - CAD. Seit ungef\u00e4hr zwei Jahren benutzen die Studenten daf\u00fcr Rhino. Das Programm ist sehr vielf\u00e4ltig und bietet einige M\u00f6glichkeiten. Dennoch hat es Grenzen und man sieht das Rhino zwar ein Allesk\u00f6nner, aber nicht perfekt ist.\u2026","rel":"","context":"\u00c4hnlicher Beitrag","img":{"alt_text":"","src":"","width":0,"height":0},"classes":[]}],"_links":{"self":[{"href":"https:\/\/sascha-urban.de\/index.php?rest_route=\/wp\/v2\/pages\/806"}],"collection":[{"href":"https:\/\/sascha-urban.de\/index.php?rest_route=\/wp\/v2\/pages"}],"about":[{"href":"https:\/\/sascha-urban.de\/index.php?rest_route=\/wp\/v2\/types\/page"}],"author":[{"embeddable":true,"href":"https:\/\/sascha-urban.de\/index.php?rest_route=\/wp\/v2\/users\/1"}],"replies":[{"embeddable":true,"href":"https:\/\/sascha-urban.de\/index.php?rest_route=%2Fwp%2Fv2%2Fcomments&post=806"}],"version-history":[{"count":2,"href":"https:\/\/sascha-urban.de\/index.php?rest_route=\/wp\/v2\/pages\/806\/revisions"}],"predecessor-version":[{"id":808,"href":"https:\/\/sascha-urban.de\/index.php?rest_route=\/wp\/v2\/pages\/806\/revisions\/808"}],"wp:attachment":[{"href":"https:\/\/sascha-urban.de\/index.php?rest_route=%2Fwp%2Fv2%2Fmedia&parent=806"}],"curies":[{"name":"wp","href":"https:\/\/api.w.org\/{rel}","templated":true}]}}